{"id":8911,"date":"2020-03-02T15:44:34","date_gmt":"2020-03-02T14:44:34","guid":{"rendered":"https:\/\/events.4d.com\/summit2020\/?page_id=8911"},"modified":"2020-03-27T15:44:33","modified_gmt":"2020-03-27T14:44:33","slug":"4d-summit-2020-paris-information","status":"publish","type":"page","link":"https:\/\/events.4d.com\/summit2020\/4d-summit-2020-paris-information\/","title":{"rendered":"4D Summit 2020 &#8211; Paris &#8211; Informations"},"content":{"rendered":"<p>[vc_row full_width=\u00a0\u00bbstretch_row\u00a0\u00bb background_image_fixed=\u00a0\u00bbyes\u00a0\u00bb row_box_shadow=\u00a0\u00bb\u00a0\u00bb css=\u00a0\u00bb.vc_custom_1573515038459{background-image: url(https:\/\/events.4d.com\/summit2020\/wp-content\/uploads\/2019\/10\/Banner-SummitParis.jpg?id=6470) !important;background-position: center !important;background-repeat: no-repeat !important;background-size: cover !important;}\u00a0\u00bb][vc_column][vc_empty_space height=\u00a0\u00bb132px\u00a0\u00bb][vc_row_inner][vc_column_inner width=\u00a0\u00bb2\/3&Prime; css=\u00a0\u00bb.vc_custom_1460134470365{padding-right: 30px !important;}\u00a0\u00bb][vc_empty_space height=\u00a0\u00bb50px\u00a0\u00bb][vc_custom_heading text=\u00a0\u00bb<b>4D SUMMIT 2020<\/b>\u00a0\u00bb font_container=\u00a0\u00bbtag:h3|font_size:40px|text_align:left|color:%23ffffff|line_height:46px\u00a0\u00bb google_fonts=\u00a0\u00bbfont_family:Open%20Sans%3A300%2C300italic%2Cregular%2Citalic%2C600%2C600italic%2C700%2C700italic%2C800%2C800italic|font_style:600%20bold%20regular%3A600%3Anormal\u00a0\u00bb css=\u00a0\u00bb.vc_custom_1583160930937{margin-bottom: 30px !important;}\u00a0\u00bb][cms_separator separator_border_color=\u00a0\u00bb#004289&Prime; separator_width=\u00a0\u00bb166px\u00a0\u00bb separator_height=\u00a0\u00bb3px\u00a0\u00bb cms_template=\u00a0\u00bbcms_separator&#8211;layout4.php\u00a0\u00bb][vc_custom_heading text=\u00a0\u00bbInformations\u00a0\u00bb font_container=\u00a0\u00bbtag:div|font_size:28px|text_align:left|color:%23ffffff|line_height:28px\u00a0\u00bb use_theme_fonts=\u00a0\u00bbyes\u00a0\u00bb css=\u00a0\u00bb.vc_custom_1585228306391{padding-top: 10px !important;}\u00a0\u00bb][\/vc_column_inner][vc_column_inner width=\u00a0\u00bb1\/3&Prime;][vc_single_image image=\u00a0\u00bb6149&Prime; img_size=\u00a0\u00bbmedium\u00a0\u00bb alignment=\u00a0\u00bbcenter\u00a0\u00bb][\/vc_column_inner][\/vc_row_inner][vc_empty_space height=\u00a0\u00bb100px\u00a0\u00bb][\/vc_column][\/vc_row][vc_row full_width=\u00a0\u00bbstretch_row\u00a0\u00bb equal_height=\u00a0\u00bbyes\u00a0\u00bb row_box_shadow=\u00a0\u00bb\u00a0\u00bb custom_responsive=\u00a0\u00bbsmall-1-column\u00a0\u00bb css=\u00a0\u00bb.vc_custom_1573860611064{background-color: #ffffff !important;}\u00a0\u00bb][vc_column width=\u00a0\u00bb1\/6&Prime; list_style=\u00a0\u00bbcms-list-square\u00a0\u00bb][\/vc_column][vc_column width=\u00a0\u00bb2\/3&Prime;][vc_empty_space height=\u00a0\u00bb80px\u00a0\u00bb][vc_custom_heading text=\u00a0\u00bb<b>Le Pecq, 26 mars 2020<\/b>\u00a0\u00bb font_container=\u00a0\u00bbtag:h3|font_size:20px|text_align:left|line_height:34px\u00a0\u00bb google_fonts=\u00a0\u00bbfont_family:Open%20Sans%3A300%2C300italic%2Cregular%2Citalic%2C600%2C600italic%2C700%2C700italic%2C800%2C800italic|font_style:600%20bold%20regular%3A600%3Anormal\u00a0\u00bb letter_spacing=\u00a0\u00bb0.1em\u00a0\u00bb dot_space_top=\u00a0\u00bb3px\u00a0\u00bb][cms_separator separator_border_color=\u00a0\u00bb#004289&Prime; cms_template=\u00a0\u00bbcms_separator&#8211;layout2.php\u00a0\u00bb][vc_column_text]<\/p>\n<h5 style=\"text-align: left;\"><b>Cher(\u00e8re) partenaire,<\/b><\/h5>\n<h5 style=\"text-align: left;\">Comme nous vous l\u2019avions annonc\u00e9 lors de nos derni\u00e8res communications, le 4D Summit 2020 qui devait se tenir \u00e0 Paris du 17 au 19 mars et du 31 mars au 2 avril \u00e0 Chicago a \u00e9t\u00e9 annul\u00e9, compte tenu de la propagation exponentielle du Coronavirus en Europe, et de la mise en confinement de la quasi-totalit\u00e9 des pays.<\/h5>\n<h5 style=\"text-align: left;\">Malgr\u00e9 nos engagements financiers importants que nous avons aupr\u00e8s des divers fournisseurs pour l\u2019organisation de cet \u00e9v\u00e9nement, la direction de 4D souhaite participer \u00e0 l\u2019effort de solidarit\u00e9 requis par cette situation exceptionnelle en vous remboursant la totalit\u00e9 du co\u00fbt de votre inscription au 4D Summit 2020.<\/h5>\n<h5 style=\"text-align: left;\"><b>Nous proc\u00e8derons donc d\u00e8s le mois d\u2019avril \u00e0 l\u2019annulation de votre facture li\u00e9e \u00e0 la commande de l\u2019inscription au 4D Summit 2020, et pour ceux qui avaient d\u00e9j\u00e0 r\u00e9gl\u00e9 le montant du 4D Summit, \u00e0 son remboursement int\u00e9gral.<\/b><\/h5>\n<h5 style=\"text-align: left;\">Toutes les \u00e9quipes de 4D au niveau mondial \u00e9taient mobilis\u00e9es et fi\u00e8res de pr\u00e9senter durant ce 4D Summit nos avanc\u00e9es technologiques aussi bien sur la modernisation du langage, que les centaines de nouvelles fonctionnalit\u00e9s de la version 4D v18 permettant \u00e0 vos applications d\u2019\u00eatre plus performantes, modernes et s\u00e9curis\u00e9es mais\u2026 rien n\u2019est perdu !<\/h5>\n<h5 style=\"text-align: left;\">Nos \u00e9quipes enregistrent actuellement l\u2019ensemble des sessions que nous devions vous pr\u00e9senter lors du Summit, y compris les Keynotes d\u2019introduction, et bien entendu la session exclusive de Laurent Ribardi\u00e8re, dont l\u2019une des th\u00e9matiques majeures est le Web avec 4D.<\/h5>\n<h5 style=\"text-align: left;\">D\u00e8s que nous serons en mesure de mettre en ligne ces sessions, nous vous y donnerons acc\u00e8s gratuitement, ainsi qu\u2018aux sessions de nos partenaires de la communaut\u00e9 qui devaient \u00e9galement participer.<\/h5>\n<h5 style=\"text-align: left;\">Nous pourrons ainsi partager ensemble toutes ces belles \u00e9volutions qui permettront \u00e0 vos applications de commencer cette nouvelle d\u00e9cennie avec un \u00e9norme avantage sur vos concurrents.<\/h5>\n<h5 style=\"text-align: left;\">Je profite de ce message pour vous rappeler que nous avons fait en sorte de prot\u00e9ger l\u2019ensemble de nos collaborateurs, et que nos \u00e9quipes 4D sont toutes en t\u00e9l\u00e9travail. Nous assurons donc une continuit\u00e9 de service compl\u00e8te, que ce soit au niveau technique (support), commercial, ou sur les projets en cours et \u00e0 venir via nos \u00e9quipes de Professional Services.<\/h5>\n<h5 style=\"text-align: left;\">J\u2019esp\u00e8re que vous et vos proches \u00eates en bonne sant\u00e9 et surtout, soyez prudent.<\/h5>\n<p>&nbsp;<\/p>\n<h5 style=\"text-align: left;\">Bien cordialement,<\/h5>\n<h5 style=\"text-align: left;\">Eric Teissandier<br \/>\nCEO Groupe 4D<\/h5>\n<p>[\/vc_column_text][vc_empty_space height=\u00a0\u00bb40px\u00a0\u00bb][\/vc_column][vc_column width=\u00a0\u00bb1\/6&Prime;][\/vc_column][\/vc_row][vc_row][vc_column width=\u00a0\u00bb1\/6&Prime;][\/vc_column][vc_column width=\u00a0\u00bb2\/3&Prime;][vc_raw_html]JTNDc2NyaXB0JTIwc3JjJTNEJTIyJTJGJTJGYXBwLWUubWFya2V0by5jb20lMkZqcyUyRmZvcm1zMiUyRmpzJTJGZm9ybXMyLm1pbi5qcyUyMiUzRSUzQyUyRnNjcmlwdCUzRSUwQSUzQ2Zvcm0lMjBpZCUzRCUyMm1rdG9Gb3JtXzQzNTglMjIlM0UlM0MlMkZmb3JtJTNFJTBBJTBBJTNDc2NyaXB0JTNFJTBBJTIwdmFyJTIwbWt0b0luc3RhbmNlJTIwJTNEJTIwJTI3JTJGJTJGYXBwLWUubWFya2V0by5jb20lMjclMkMlMEElMjAlMjAlMjAlMjAlMjAlMjAlMjAlMjBtdW5jaGtpbklkJTIwJTNEJTIwJTI3NTMxLU1SVC00NjglMjclMkMlMEElMjAlMjAlMjAlMjAlMjAlMjAlMjAlMjBmb3JtSWQlMjAlM0QlMjA0MzU4JTJDJTBBJTIwJTIwJTIwJTIwJTIwJTIwJTIwJTIwbGlnaHRib3hCdXR0b25TZWxlY3RvciUyMCUzRCUyMCUyNy5vcGVuX2xpZ2h0Ym94JTI3JTNCJTBBJTBBJTIwJTIwJTIwJTIwZG9jdW1lbnQucXVlcnlTZWxlY3RvciUyOGxpZ2h0Ym94QnV0dG9uU2VsZWN0b3IlMjkub25jbGljayUyMCUzRCUyMGZ1bmN0aW9uJTIwJTI4ZSUyOSUyMCU3QiUwQSUyMCUyMCUyMCUyMCUyMCUyMCUyMCUyME1rdG9Gb3JtczIubG9hZEZvcm0lMjhta3RvSW5zdGFuY2UlMkMlMjBtdW5jaGtpbklkJTJDJTIwZm9ybUlkJTJDJTIwZnVuY3Rpb24lMjAlMjhmb3JtJTI5JTIwJTdCJTBBJTIwJTIwJTIwJTIwJTIwJTIwJTIwJTIwJTIwJTIwJTIwJTIwdmFyJTIwbGlnaHRib3glMjAlM0QlMjBNa3RvRm9ybXMyLmxpZ2h0Ym94JTI4Zm9ybSUyOS5zaG93JTI4JTI5JTNCJTBBJTIwJTIwJTIwJTIwJTIwJTIwJTIwJTIwJTdEJTI5JTNCJTBBJTIwJTIwJTIwJTIwJTIwJTIwJTIwJTIwZS5wcmV2ZW50RGVmYXVsdCUyOCUyOSUzQiUwQSUyMCUyMCUyMCUyMCU3RCUzQiUwQSUzQyUyRnNjcmlwdCUzRQ==[\/vc_raw_html][\/vc_column][vc_column width=\u00a0\u00bb1\/6&Prime;][\/vc_column][\/vc_row]<\/p>\n","protected":false},"excerpt":{"rendered":"<p>[vc_row full_width=\u00a0\u00bbstretch_row\u00a0\u00bb background_image_fixed=\u00a0\u00bbyes\u00a0\u00bb row_box_shadow=\u00a0\u00bb\u00a0\u00bb css=\u00a0\u00bb.vc_custom_1573515038459{background-image: url(https:\/\/events.4d.com\/summit2020\/wp-content\/uploads\/2019\/10\/Banner-SummitParis.jpg?id=6470) !important;background-position: center !important;background-repeat: no-repeat !important;background-size: cover !important;}\u00a0\u00bb][vc_column][vc_empty_space height=\u00a0\u00bb132px\u00a0\u00bb][vc_row_inner][vc_column_inner width=\u00a0\u00bb2\/3&Prime; css=\u00a0\u00bb.vc_custom_1460134470365{padding-right: 30px !important;}\u00a0\u00bb][vc_empty_space height=\u00a0\u00bb50px\u00a0\u00bb][vc_custom_heading text=\u00a0\u00bb4D SUMMIT 2020\u00a0\u00bb font_container=\u00a0\u00bbtag:h3|font_size:40px|text_align:left|color:%23ffffff|line_height:46px\u00a0\u00bb google_fonts=\u00a0\u00bbfont_family:Open%20Sans%3A300%2C300italic%2Cregular%2Citalic%2C600%2C600italic%2C700%2C700italic%2C800%2C800italic|font_style:600%20bold%20regular%3A600%3Anormal\u00a0\u00bb css=\u00a0\u00bb.vc_custom_1583160930937{margin-bottom: 30px !important;}\u00a0\u00bb][cms_separator separator_border_color=\u00a0\u00bb#004289&Prime; separator_width=\u00a0\u00bb166px\u00a0\u00bb separator_height=\u00a0\u00bb3px\u00a0\u00bb cms_template=\u00a0\u00bbcms_separator&#8211;layout4.php\u00a0\u00bb][vc_custom_heading text=\u00a0\u00bbInformations\u00a0\u00bb font_container=\u00a0\u00bbtag:div|font_size:28px|text_align:left|color:%23ffffff|line_height:28px\u00a0\u00bb use_theme_fonts=\u00a0\u00bbyes\u00a0\u00bb css=\u00a0\u00bb.vc_custom_1585228306391{padding-top: 10px !important;}\u00a0\u00bb][\/vc_column_inner][vc_column_inner width=\u00a0\u00bb1\/3&Prime;][vc_single_image image=\u00a0\u00bb6149&Prime; img_size=\u00a0\u00bbmedium\u00a0\u00bb alignment=\u00a0\u00bbcenter\u00a0\u00bb][\/vc_column_inner][\/vc_row_inner][vc_empty_space height=\u00a0\u00bb100px\u00a0\u00bb][\/vc_column][\/vc_row][vc_row full_width=\u00a0\u00bbstretch_row\u00a0\u00bb equal_height=\u00a0\u00bbyes\u00a0\u00bb row_box_shadow=\u00a0\u00bb\u00a0\u00bb custom_responsive=\u00a0\u00bbsmall-1-column\u00a0\u00bb css=\u00a0\u00bb.vc_custom_1573860611064{background-color: #ffffff !important;}\u00a0\u00bb][vc_column width=\u00a0\u00bb1\/6&Prime; list_style=\u00a0\u00bbcms-list-square\u00a0\u00bb][\/vc_column][vc_column width=\u00a0\u00bb2\/3&Prime;][vc_empty_space height=\u00a0\u00bb80px\u00a0\u00bb][vc_custom_heading text=\u00a0\u00bbLe Pecq, [&hellip;]<\/p>\n","protected":false},"author":1,"featured_media":0,"parent":0,"menu_order":0,"comment_status":"closed","ping_status":"closed","template":"","meta":{"footnotes":""},"yoast_head":"<!-- This site is optimized with the Yoast SEO plugin v21.7 - https:\/\/yoast.com\/wordpress\/plugins\/seo\/ -->\n<title>4D Summit 2020 - Paris - Informations | Spice up your developments<\/title>\n<meta name=\"robots\" content=\"index, follow, max-snippet:-1, max-image-preview:large, max-video-preview:-1\" \/>\n<link rel=\"canonical\" href=\"https:\/\/events.4d.com\/summit2020\/4d-summit-2020-paris-information\/\" \/>\n<meta property=\"og:locale\" content=\"fr_FR\" \/>\n<meta property=\"og:type\" content=\"article\" \/>\n<meta property=\"og:title\" content=\"4D Summit 2020 - Paris - Informations | Spice up your developments\" \/>\n<meta property=\"og:description\" content=\"[vc_row full_width=\u00a0\u00bbstretch_row\u00a0\u00bb background_image_fixed=\u00a0\u00bbyes\u00a0\u00bb row_box_shadow=\u00a0\u00bb\u00a0\u00bb css=\u00a0\u00bb.vc_custom_1573515038459{background-image: url(https:\/\/events.4d.com\/summit2020\/wp-content\/uploads\/2019\/10\/Banner-SummitParis.jpg?id=6470) !important;background-position: center !important;background-repeat: no-repeat !important;background-size: cover !important;}\u00a0\u00bb][vc_column][vc_empty_space height=\u00a0\u00bb132px\u00a0\u00bb][vc_row_inner][vc_column_inner width=\u00a0\u00bb2\/3&Prime; css=\u00a0\u00bb.vc_custom_1460134470365{padding-right: 30px !important;}\u00a0\u00bb][vc_empty_space height=\u00a0\u00bb50px\u00a0\u00bb][vc_custom_heading text=\u00a0\u00bb4D SUMMIT 2020\u00a0\u00bb font_container=\u00a0\u00bbtag:h3|font_size:40px|text_align:left|color:%23ffffff|line_height:46px\u00a0\u00bb google_fonts=\u00a0\u00bbfont_family:Open%20Sans%3A300%2C300italic%2Cregular%2Citalic%2C600%2C600italic%2C700%2C700italic%2C800%2C800italic|font_style:600%20bold%20regular%3A600%3Anormal\u00a0\u00bb css=\u00a0\u00bb.vc_custom_1583160930937{margin-bottom: 30px !important;}\u00a0\u00bb][cms_separator separator_border_color=\u00a0\u00bb#004289&Prime; separator_width=\u00a0\u00bb166px\u00a0\u00bb separator_height=\u00a0\u00bb3px\u00a0\u00bb cms_template=\u00a0\u00bbcms_separator&#8211;layout4.php\u00a0\u00bb][vc_custom_heading text=\u00a0\u00bbInformations\u00a0\u00bb font_container=\u00a0\u00bbtag:div|font_size:28px|text_align:left|color:%23ffffff|line_height:28px\u00a0\u00bb use_theme_fonts=\u00a0\u00bbyes\u00a0\u00bb css=\u00a0\u00bb.vc_custom_1585228306391{padding-top: 10px !important;}\u00a0\u00bb][\/vc_column_inner][vc_column_inner width=\u00a0\u00bb1\/3&Prime;][vc_single_image image=\u00a0\u00bb6149&Prime; img_size=\u00a0\u00bbmedium\u00a0\u00bb alignment=\u00a0\u00bbcenter\u00a0\u00bb][\/vc_column_inner][\/vc_row_inner][vc_empty_space height=\u00a0\u00bb100px\u00a0\u00bb][\/vc_column][\/vc_row][vc_row full_width=\u00a0\u00bbstretch_row\u00a0\u00bb equal_height=\u00a0\u00bbyes\u00a0\u00bb row_box_shadow=\u00a0\u00bb\u00a0\u00bb custom_responsive=\u00a0\u00bbsmall-1-column\u00a0\u00bb css=\u00a0\u00bb.vc_custom_1573860611064{background-color: #ffffff !important;}\u00a0\u00bb][vc_column width=\u00a0\u00bb1\/6&Prime; list_style=\u00a0\u00bbcms-list-square\u00a0\u00bb][\/vc_column][vc_column width=\u00a0\u00bb2\/3&Prime;][vc_empty_space height=\u00a0\u00bb80px\u00a0\u00bb][vc_custom_heading text=\u00a0\u00bbLe Pecq, [&hellip;]\" \/>\n<meta property=\"og:url\" content=\"https:\/\/events.4d.com\/summit2020\/4d-summit-2020-paris-information\/\" \/>\n<meta property=\"og:site_name\" content=\"Spice up your developments\" \/>\n<meta property=\"article:modified_time\" content=\"2020-03-27T14:44:33+00:00\" \/>\n<meta name=\"twitter:card\" content=\"summary_large_image\" \/>\n<meta name=\"twitter:label1\" content=\"Dur\u00e9e de lecture estim\u00e9e\" \/>\n\t<meta name=\"twitter:data1\" content=\"4 minutes\" \/>\n<script type=\"application\/ld+json\" class=\"yoast-schema-graph\">{\"@context\":\"https:\/\/schema.org\",\"@graph\":[{\"@type\":\"WebPage\",\"@id\":\"https:\/\/events.4d.com\/summit2020\/4d-summit-2020-paris-information\/\",\"url\":\"https:\/\/events.4d.com\/summit2020\/4d-summit-2020-paris-information\/\",\"name\":\"4D Summit 2020 - Paris - Informations | Spice up your developments\",\"isPartOf\":{\"@id\":\"https:\/\/events.4d.com\/summit2020\/#website\"},\"datePublished\":\"2020-03-02T14:44:34+00:00\",\"dateModified\":\"2020-03-27T14:44:33+00:00\",\"breadcrumb\":{\"@id\":\"https:\/\/events.4d.com\/summit2020\/4d-summit-2020-paris-information\/#breadcrumb\"},\"inLanguage\":\"fr-FR\",\"potentialAction\":[{\"@type\":\"ReadAction\",\"target\":[\"https:\/\/events.4d.com\/summit2020\/4d-summit-2020-paris-information\/\"]}]},{\"@type\":\"BreadcrumbList\",\"@id\":\"https:\/\/events.4d.com\/summit2020\/4d-summit-2020-paris-information\/#breadcrumb\",\"itemListElement\":[{\"@type\":\"ListItem\",\"position\":1,\"name\":\"Accueil\",\"item\":\"https:\/\/events.4d.com\/summit2020\/en\/\"},{\"@type\":\"ListItem\",\"position\":2,\"name\":\"4D Summit 2020 &#8211; Paris &#8211; Informations\"}]},{\"@type\":\"WebSite\",\"@id\":\"https:\/\/events.4d.com\/summit2020\/#website\",\"url\":\"https:\/\/events.4d.com\/summit2020\/\",\"name\":\"Spice up your developments\",\"description\":\"The 4D Summit 2020 the 4D Developper Software Event\",\"publisher\":{\"@id\":\"https:\/\/events.4d.com\/summit2020\/#organization\"},\"potentialAction\":[{\"@type\":\"SearchAction\",\"target\":{\"@type\":\"EntryPoint\",\"urlTemplate\":\"https:\/\/events.4d.com\/summit2020\/?s={search_term_string}\"},\"query-input\":\"required name=search_term_string\"}],\"inLanguage\":\"fr-FR\"},{\"@type\":\"Organization\",\"@id\":\"https:\/\/events.4d.com\/summit2020\/#organization\",\"name\":\"4D SUMMIT 2020\",\"url\":\"https:\/\/events.4d.com\/summit2020\/\",\"logo\":{\"@type\":\"ImageObject\",\"inLanguage\":\"fr-FR\",\"@id\":\"https:\/\/events.4d.com\/summit2020\/#\/schema\/logo\/image\/\",\"url\":\"https:\/\/events.4d.com\/summit2020\/wp-content\/uploads\/2019\/10\/blue-logo4Dsummit2020-2.png\",\"contentUrl\":\"https:\/\/events.4d.com\/summit2020\/wp-content\/uploads\/2019\/10\/blue-logo4Dsummit2020-2.png\",\"width\":800,\"height\":660,\"caption\":\"4D SUMMIT 2020\"},\"image\":{\"@id\":\"https:\/\/events.4d.com\/summit2020\/#\/schema\/logo\/image\/\"}}]}<\/script>\n<!-- \/ Yoast SEO plugin. -->","yoast_head_json":{"title":"4D Summit 2020 - Paris - Informations | Spice up your developments","robots":{"index":"index","follow":"follow","max-snippet":"max-snippet:-1","max-image-preview":"max-image-preview:large","max-video-preview":"max-video-preview:-1"},"canonical":"https:\/\/events.4d.com\/summit2020\/4d-summit-2020-paris-information\/","og_locale":"fr_FR","og_type":"article","og_title":"4D Summit 2020 - Paris - Informations | Spice up your developments","og_description":"[vc_row full_width=\u00a0\u00bbstretch_row\u00a0\u00bb background_image_fixed=\u00a0\u00bbyes\u00a0\u00bb row_box_shadow=\u00a0\u00bb\u00a0\u00bb css=\u00a0\u00bb.vc_custom_1573515038459{background-image: url(https:\/\/events.4d.com\/summit2020\/wp-content\/uploads\/2019\/10\/Banner-SummitParis.jpg?id=6470) !important;background-position: center !important;background-repeat: no-repeat !important;background-size: cover !important;}\u00a0\u00bb][vc_column][vc_empty_space height=\u00a0\u00bb132px\u00a0\u00bb][vc_row_inner][vc_column_inner width=\u00a0\u00bb2\/3&Prime; css=\u00a0\u00bb.vc_custom_1460134470365{padding-right: 30px !important;}\u00a0\u00bb][vc_empty_space height=\u00a0\u00bb50px\u00a0\u00bb][vc_custom_heading text=\u00a0\u00bb4D SUMMIT 2020\u00a0\u00bb font_container=\u00a0\u00bbtag:h3|font_size:40px|text_align:left|color:%23ffffff|line_height:46px\u00a0\u00bb google_fonts=\u00a0\u00bbfont_family:Open%20Sans%3A300%2C300italic%2Cregular%2Citalic%2C600%2C600italic%2C700%2C700italic%2C800%2C800italic|font_style:600%20bold%20regular%3A600%3Anormal\u00a0\u00bb css=\u00a0\u00bb.vc_custom_1583160930937{margin-bottom: 30px !important;}\u00a0\u00bb][cms_separator separator_border_color=\u00a0\u00bb#004289&Prime; separator_width=\u00a0\u00bb166px\u00a0\u00bb separator_height=\u00a0\u00bb3px\u00a0\u00bb cms_template=\u00a0\u00bbcms_separator&#8211;layout4.php\u00a0\u00bb][vc_custom_heading text=\u00a0\u00bbInformations\u00a0\u00bb font_container=\u00a0\u00bbtag:div|font_size:28px|text_align:left|color:%23ffffff|line_height:28px\u00a0\u00bb use_theme_fonts=\u00a0\u00bbyes\u00a0\u00bb css=\u00a0\u00bb.vc_custom_1585228306391{padding-top: 10px !important;}\u00a0\u00bb][\/vc_column_inner][vc_column_inner width=\u00a0\u00bb1\/3&Prime;][vc_single_image image=\u00a0\u00bb6149&Prime; img_size=\u00a0\u00bbmedium\u00a0\u00bb alignment=\u00a0\u00bbcenter\u00a0\u00bb][\/vc_column_inner][\/vc_row_inner][vc_empty_space height=\u00a0\u00bb100px\u00a0\u00bb][\/vc_column][\/vc_row][vc_row full_width=\u00a0\u00bbstretch_row\u00a0\u00bb equal_height=\u00a0\u00bbyes\u00a0\u00bb row_box_shadow=\u00a0\u00bb\u00a0\u00bb custom_responsive=\u00a0\u00bbsmall-1-column\u00a0\u00bb css=\u00a0\u00bb.vc_custom_1573860611064{background-color: #ffffff !important;}\u00a0\u00bb][vc_column width=\u00a0\u00bb1\/6&Prime; list_style=\u00a0\u00bbcms-list-square\u00a0\u00bb][\/vc_column][vc_column width=\u00a0\u00bb2\/3&Prime;][vc_empty_space height=\u00a0\u00bb80px\u00a0\u00bb][vc_custom_heading text=\u00a0\u00bbLe Pecq, [&hellip;]","og_url":"https:\/\/events.4d.com\/summit2020\/4d-summit-2020-paris-information\/","og_site_name":"Spice up your developments","article_modified_time":"2020-03-27T14:44:33+00:00","twitter_card":"summary_large_image","twitter_misc":{"Dur\u00e9e de lecture estim\u00e9e":"4 minutes"},"schema":{"@context":"https:\/\/schema.org","@graph":[{"@type":"WebPage","@id":"https:\/\/events.4d.com\/summit2020\/4d-summit-2020-paris-information\/","url":"https:\/\/events.4d.com\/summit2020\/4d-summit-2020-paris-information\/","name":"4D Summit 2020 - Paris - Informations | Spice up your developments","isPartOf":{"@id":"https:\/\/events.4d.com\/summit2020\/#website"},"datePublished":"2020-03-02T14:44:34+00:00","dateModified":"2020-03-27T14:44:33+00:00","breadcrumb":{"@id":"https:\/\/events.4d.com\/summit2020\/4d-summit-2020-paris-information\/#breadcrumb"},"inLanguage":"fr-FR","potentialAction":[{"@type":"ReadAction","target":["https:\/\/events.4d.com\/summit2020\/4d-summit-2020-paris-information\/"]}]},{"@type":"BreadcrumbList","@id":"https:\/\/events.4d.com\/summit2020\/4d-summit-2020-paris-information\/#breadcrumb","itemListElement":[{"@type":"ListItem","position":1,"name":"Accueil","item":"https:\/\/events.4d.com\/summit2020\/en\/"},{"@type":"ListItem","position":2,"name":"4D Summit 2020 &#8211; Paris &#8211; Informations"}]},{"@type":"WebSite","@id":"https:\/\/events.4d.com\/summit2020\/#website","url":"https:\/\/events.4d.com\/summit2020\/","name":"Spice up your developments","description":"The 4D Summit 2020 the 4D Developper Software Event","publisher":{"@id":"https:\/\/events.4d.com\/summit2020\/#organization"},"potentialAction":[{"@type":"SearchAction","target":{"@type":"EntryPoint","urlTemplate":"https:\/\/events.4d.com\/summit2020\/?s={search_term_string}"},"query-input":"required name=search_term_string"}],"inLanguage":"fr-FR"},{"@type":"Organization","@id":"https:\/\/events.4d.com\/summit2020\/#organization","name":"4D SUMMIT 2020","url":"https:\/\/events.4d.com\/summit2020\/","logo":{"@type":"ImageObject","inLanguage":"fr-FR","@id":"https:\/\/events.4d.com\/summit2020\/#\/schema\/logo\/image\/","url":"https:\/\/events.4d.com\/summit2020\/wp-content\/uploads\/2019\/10\/blue-logo4Dsummit2020-2.png","contentUrl":"https:\/\/events.4d.com\/summit2020\/wp-content\/uploads\/2019\/10\/blue-logo4Dsummit2020-2.png","width":800,"height":660,"caption":"4D SUMMIT 2020"},"image":{"@id":"https:\/\/events.4d.com\/summit2020\/#\/schema\/logo\/image\/"}}]}},"_links":{"self":[{"href":"https:\/\/events.4d.com\/summit2020\/wp-json\/wp\/v2\/pages\/8911"}],"collection":[{"href":"https:\/\/events.4d.com\/summit2020\/wp-json\/wp\/v2\/pages"}],"about":[{"href":"https:\/\/events.4d.com\/summit2020\/wp-json\/wp\/v2\/types\/page"}],"author":[{"embeddable":true,"href":"https:\/\/events.4d.com\/summit2020\/wp-json\/wp\/v2\/users\/1"}],"replies":[{"embeddable":true,"href":"https:\/\/events.4d.com\/summit2020\/wp-json\/wp\/v2\/comments?post=8911"}],"version-history":[{"count":107,"href":"https:\/\/events.4d.com\/summit2020\/wp-json\/wp\/v2\/pages\/8911\/revisions"}],"predecessor-version":[{"id":9182,"href":"https:\/\/events.4d.com\/summit2020\/wp-json\/wp\/v2\/pages\/8911\/revisions\/9182"}],"wp:attachment":[{"href":"https:\/\/events.4d.com\/summit2020\/wp-json\/wp\/v2\/media?parent=8911"}],"curies":[{"name":"wp","href":"https:\/\/api.w.org\/{rel}","templated":true}]}}