{"id":6869,"date":"2019-10-17T15:45:10","date_gmt":"2019-10-17T13:45:10","guid":{"rendered":"https:\/\/events.4d.com\/summit2020\/?page_id=6869"},"modified":"2019-12-16T16:41:33","modified_gmt":"2019-12-16T15:41:33","slug":"4d-summit-2020join-us-in-chicago-usa-or-in-paris-france-for-3-exciting-days","status":"publish","type":"page","link":"https:\/\/events.4d.com\/summit2020\/","title":{"rendered":"4D Summit 2020 : Rejoignez-nous \u00e0 Paris &#8211; France, ou \u00e0 Chicago \u2013 USA, pour 3 jours de conf\u00e9rences \u00e0 ne pas manquer."},"content":{"rendered":"<p>[vc_row][vc_column][rev_slider_vc alias=\u00a0\u00bbarchitecture\u00a0\u00bb][\/vc_column][\/vc_row]<\/p>\n","protected":false},"excerpt":{"rendered":"<p>[vc_row][vc_column][rev_slider_vc alias=\u00a0\u00bbarchitecture\u00a0\u00bb][\/vc_column][\/vc_row]<\/p>\n","protected":false},"author":1,"featured_media":0,"parent":0,"menu_order":0,"comment_status":"closed","ping_status":"closed","template":"","meta":{"footnotes":""},"yoast_head":"<!-- This site is optimized with the Yoast SEO plugin v21.7 - https:\/\/yoast.com\/wordpress\/plugins\/seo\/ -->\n<title>4D Summit 2020 : Rejoignez-nous \u00e0 Paris - France, ou \u00e0 Chicago \u2013 USA, pour 3 jours de conf\u00e9rences \u00e0 ne pas manquer. | Spice up your developments |<\/title>\n<meta name=\"description\" content=\"4D Summit 2020 : Rejoignez-nous \u00e0 Paris - France, ou \u00e0 Chicago \u2013 USA, pour 3 jours de conf\u00e9rences \u00e0 ne pas manquer. | Ce sont trois jours enrichissants au cours desquels vous, experts techniques, chefs d&#039;entreprise, Partenaires ou clients, vous rencontrer et enrichir vos connaissances mutuelles.\" \/>\n<meta name=\"robots\" content=\"index, follow, max-snippet:-1, max-image-preview:large, max-video-preview:-1\" \/>\n<link rel=\"canonical\" href=\"https:\/\/events.4d.com\/summit2020\/\" \/>\n<meta property=\"og:locale\" content=\"fr_FR\" \/>\n<meta property=\"og:type\" content=\"article\" \/>\n<meta property=\"og:title\" content=\"4D Summit 2020 : Rejoignez-nous \u00e0 Paris - France, ou \u00e0 Chicago \u2013 USA, pour 3 jours de conf\u00e9rences \u00e0 ne pas manquer. | Spice up your developments |\" \/>\n<meta property=\"og:description\" content=\"4D Summit 2020 : Rejoignez-nous \u00e0 Paris - France, ou \u00e0 Chicago \u2013 USA, pour 3 jours de conf\u00e9rences \u00e0 ne pas manquer. | Ce sont trois jours enrichissants au cours desquels vous, experts techniques, chefs d&#039;entreprise, Partenaires ou clients, vous rencontrer et enrichir vos connaissances mutuelles.\" \/>\n<meta property=\"og:url\" content=\"https:\/\/events.4d.com\/summit2020\/\" \/>\n<meta property=\"og:site_name\" content=\"Spice up your developments\" \/>\n<meta property=\"article:modified_time\" content=\"2019-12-16T15:41:33+00:00\" \/>\n<meta name=\"twitter:card\" content=\"summary_large_image\" \/>\n<script type=\"application\/ld+json\" class=\"yoast-schema-graph\">{\"@context\":\"https:\/\/schema.org\",\"@graph\":[{\"@type\":\"WebPage\",\"@id\":\"https:\/\/events.4d.com\/summit2020\/\",\"url\":\"https:\/\/events.4d.com\/summit2020\/\",\"name\":\"4D Summit 2020 : Rejoignez-nous \u00e0 Paris - France, ou \u00e0 Chicago \u2013 USA, pour 3 jours de conf\u00e9rences \u00e0 ne pas manquer. | Spice up your developments |\",\"isPartOf\":{\"@id\":\"https:\/\/events.4d.com\/summit2020\/#website\"},\"datePublished\":\"2019-10-17T13:45:10+00:00\",\"dateModified\":\"2019-12-16T15:41:33+00:00\",\"description\":\"4D Summit 2020 : Rejoignez-nous \u00e0 Paris - France, ou \u00e0 Chicago \u2013 USA, pour 3 jours de conf\u00e9rences \u00e0 ne pas manquer. | Ce sont trois jours enrichissants au cours desquels vous, experts techniques, chefs d'entreprise, Partenaires ou clients, vous rencontrer et enrichir vos connaissances mutuelles.\",\"breadcrumb\":{\"@id\":\"https:\/\/events.4d.com\/summit2020\/#breadcrumb\"},\"inLanguage\":\"fr-FR\",\"potentialAction\":[{\"@type\":\"ReadAction\",\"target\":[\"https:\/\/events.4d.com\/summit2020\/\"]}]},{\"@type\":\"BreadcrumbList\",\"@id\":\"https:\/\/events.4d.com\/summit2020\/#breadcrumb\",\"itemListElement\":[{\"@type\":\"ListItem\",\"position\":1,\"name\":\"Accueil\",\"item\":\"https:\/\/events.4d.com\/summit2020\/en\/\"},{\"@type\":\"ListItem\",\"position\":2,\"name\":\"4D Summit 2020 : Rejoignez-nous \u00e0 Paris &#8211; France, ou \u00e0 Chicago \u2013 USA, pour 3 jours de conf\u00e9rences \u00e0 ne pas manquer.\"}]},{\"@type\":\"WebSite\",\"@id\":\"https:\/\/events.4d.com\/summit2020\/#website\",\"url\":\"https:\/\/events.4d.com\/summit2020\/\",\"name\":\"Spice up your developments\",\"description\":\"The 4D Summit 2020 the 4D Developper Software Event\",\"publisher\":{\"@id\":\"https:\/\/events.4d.com\/summit2020\/#organization\"},\"potentialAction\":[{\"@type\":\"SearchAction\",\"target\":{\"@type\":\"EntryPoint\",\"urlTemplate\":\"https:\/\/events.4d.com\/summit2020\/?s={search_term_string}\"},\"query-input\":\"required name=search_term_string\"}],\"inLanguage\":\"fr-FR\"},{\"@type\":\"Organization\",\"@id\":\"https:\/\/events.4d.com\/summit2020\/#organization\",\"name\":\"4D SUMMIT 2020\",\"url\":\"https:\/\/events.4d.com\/summit2020\/\",\"logo\":{\"@type\":\"ImageObject\",\"inLanguage\":\"fr-FR\",\"@id\":\"https:\/\/events.4d.com\/summit2020\/#\/schema\/logo\/image\/\",\"url\":\"https:\/\/events.4d.com\/summit2020\/wp-content\/uploads\/2019\/10\/blue-logo4Dsummit2020-2.png\",\"contentUrl\":\"https:\/\/events.4d.com\/summit2020\/wp-content\/uploads\/2019\/10\/blue-logo4Dsummit2020-2.png\",\"width\":800,\"height\":660,\"caption\":\"4D SUMMIT 2020\"},\"image\":{\"@id\":\"https:\/\/events.4d.com\/summit2020\/#\/schema\/logo\/image\/\"}}]}<\/script>\n<!-- \/ Yoast SEO plugin. -->","yoast_head_json":{"title":"4D Summit 2020 : Rejoignez-nous \u00e0 Paris - France, ou \u00e0 Chicago \u2013 USA, pour 3 jours de conf\u00e9rences \u00e0 ne pas manquer. | Spice up your developments |","description":"4D Summit 2020 : Rejoignez-nous \u00e0 Paris - France, ou \u00e0 Chicago \u2013 USA, pour 3 jours de conf\u00e9rences \u00e0 ne pas manquer. | Ce sont trois jours enrichissants au cours desquels vous, experts techniques, chefs d'entreprise, Partenaires ou clients, vous rencontrer et enrichir vos connaissances mutuelles.","robots":{"index":"index","follow":"follow","max-snippet":"max-snippet:-1","max-image-preview":"max-image-preview:large","max-video-preview":"max-video-preview:-1"},"canonical":"https:\/\/events.4d.com\/summit2020\/","og_locale":"fr_FR","og_type":"article","og_title":"4D Summit 2020 : Rejoignez-nous \u00e0 Paris - France, ou \u00e0 Chicago \u2013 USA, pour 3 jours de conf\u00e9rences \u00e0 ne pas manquer. | Spice up your developments |","og_description":"4D Summit 2020 : Rejoignez-nous \u00e0 Paris - France, ou \u00e0 Chicago \u2013 USA, pour 3 jours de conf\u00e9rences \u00e0 ne pas manquer. | Ce sont trois jours enrichissants au cours desquels vous, experts techniques, chefs d'entreprise, Partenaires ou clients, vous rencontrer et enrichir vos connaissances mutuelles.","og_url":"https:\/\/events.4d.com\/summit2020\/","og_site_name":"Spice up your developments","article_modified_time":"2019-12-16T15:41:33+00:00","twitter_card":"summary_large_image","schema":{"@context":"https:\/\/schema.org","@graph":[{"@type":"WebPage","@id":"https:\/\/events.4d.com\/summit2020\/","url":"https:\/\/events.4d.com\/summit2020\/","name":"4D Summit 2020 : Rejoignez-nous \u00e0 Paris - France, ou \u00e0 Chicago \u2013 USA, pour 3 jours de conf\u00e9rences \u00e0 ne pas manquer. | Spice up your developments |","isPartOf":{"@id":"https:\/\/events.4d.com\/summit2020\/#website"},"datePublished":"2019-10-17T13:45:10+00:00","dateModified":"2019-12-16T15:41:33+00:00","description":"4D Summit 2020 : Rejoignez-nous \u00e0 Paris - France, ou \u00e0 Chicago \u2013 USA, pour 3 jours de conf\u00e9rences \u00e0 ne pas manquer. | Ce sont trois jours enrichissants au cours desquels vous, experts techniques, chefs d'entreprise, Partenaires ou clients, vous rencontrer et enrichir vos connaissances mutuelles.","breadcrumb":{"@id":"https:\/\/events.4d.com\/summit2020\/#breadcrumb"},"inLanguage":"fr-FR","potentialAction":[{"@type":"ReadAction","target":["https:\/\/events.4d.com\/summit2020\/"]}]},{"@type":"BreadcrumbList","@id":"https:\/\/events.4d.com\/summit2020\/#breadcrumb","itemListElement":[{"@type":"ListItem","position":1,"name":"Accueil","item":"https:\/\/events.4d.com\/summit2020\/en\/"},{"@type":"ListItem","position":2,"name":"4D Summit 2020 : Rejoignez-nous \u00e0 Paris &#8211; France, ou \u00e0 Chicago \u2013 USA, pour 3 jours de conf\u00e9rences \u00e0 ne pas manquer."}]},{"@type":"WebSite","@id":"https:\/\/events.4d.com\/summit2020\/#website","url":"https:\/\/events.4d.com\/summit2020\/","name":"Spice up your developments","description":"The 4D Summit 2020 the 4D Developper Software Event","publisher":{"@id":"https:\/\/events.4d.com\/summit2020\/#organization"},"potentialAction":[{"@type":"SearchAction","target":{"@type":"EntryPoint","urlTemplate":"https:\/\/events.4d.com\/summit2020\/?s={search_term_string}"},"query-input":"required name=search_term_string"}],"inLanguage":"fr-FR"},{"@type":"Organization","@id":"https:\/\/events.4d.com\/summit2020\/#organization","name":"4D SUMMIT 2020","url":"https:\/\/events.4d.com\/summit2020\/","logo":{"@type":"ImageObject","inLanguage":"fr-FR","@id":"https:\/\/events.4d.com\/summit2020\/#\/schema\/logo\/image\/","url":"https:\/\/events.4d.com\/summit2020\/wp-content\/uploads\/2019\/10\/blue-logo4Dsummit2020-2.png","contentUrl":"https:\/\/events.4d.com\/summit2020\/wp-content\/uploads\/2019\/10\/blue-logo4Dsummit2020-2.png","width":800,"height":660,"caption":"4D SUMMIT 2020"},"image":{"@id":"https:\/\/events.4d.com\/summit2020\/#\/schema\/logo\/image\/"}}]}},"_links":{"self":[{"href":"https:\/\/events.4d.com\/summit2020\/wp-json\/wp\/v2\/pages\/6869"}],"collection":[{"href":"https:\/\/events.4d.com\/summit2020\/wp-json\/wp\/v2\/pages"}],"about":[{"href":"https:\/\/events.4d.com\/summit2020\/wp-json\/wp\/v2\/types\/page"}],"author":[{"embeddable":true,"href":"https:\/\/events.4d.com\/summit2020\/wp-json\/wp\/v2\/users\/1"}],"replies":[{"embeddable":true,"href":"https:\/\/events.4d.com\/summit2020\/wp-json\/wp\/v2\/comments?post=6869"}],"version-history":[{"count":6,"href":"https:\/\/events.4d.com\/summit2020\/wp-json\/wp\/v2\/pages\/6869\/revisions"}],"predecessor-version":[{"id":8235,"href":"https:\/\/events.4d.com\/summit2020\/wp-json\/wp\/v2\/pages\/6869\/revisions\/8235"}],"wp:attachment":[{"href":"https:\/\/events.4d.com\/summit2020\/wp-json\/wp\/v2\/media?parent=6869"}],"curies":[{"name":"wp","href":"https:\/\/api.w.org\/{rel}","templated":true}]}}