{"id":20,"date":"2019-11-22T14:00:24","date_gmt":"2019-11-22T14:00:24","guid":{"rendered":"https:\/\/events.4d.com\/devcon2020\/?page_id=20"},"modified":"2020-07-01T15:11:06","modified_gmt":"2020-07-01T15:11:06","slug":"germany","status":"publish","type":"page","link":"https:\/\/events.4d.com\/devcon2020\/","title":{"rendered":"Germany"},"content":{"rendered":"<p>[vc_row full_width=&#8221;stretch_row_content_no_spaces&#8221;][vc_column][rev_slider_vc alias=&#8221;paris-en-1&#8243;][\/vc_column][\/vc_row][vc_row full_width=&#8221;stretch_row&#8221; row_box_shadow=&#8221;true&#8221; css=&#8221;.vc_custom_1576679440332{padding-top: 62px !important;padding-bottom: 70px !important;background-color: #ffffff !important;}&#8221; el_class=&#8221;titre-bleu&#8221;][vc_column][vc_empty_space height=&#8221;47px&#8221;][vc_custom_heading text=&#8221;DevCon 2020 abgesagt&#8221; font_container=&#8221;tag:h2|font_size:28px|text_align:center|color:%23004289|line_height:42px&#8221; google_fonts=&#8221;font_family:Open%20Sans%3A300%2C300italic%2Cregular%2Citalic%2C600%2C600italic%2C700%2C700italic%2C800%2C800italic|font_style:700%20bold%20regular%3A700%3Anormal&#8221; dot_space_top=&#8221;0&#8243; el_class=&#8221;heber-desc&#8221;][\/vc_column][vc_column width=&#8221;1\/2&#8243; text_align=&#8221;center&#8221;][vc_empty_space][vc_column_text]<\/p>\n<h4 style=\"text-align: left;\"><strong> Leider muss 4D die DevCon 2020 absagen.<\/strong><\/h4>\n<h5 style=\"text-align: left;\">Hintergrund f\u00fcr die Absage ist die Verbreitung des Coronavirus\/Covid-19 und die damit einhergehende Absage der 4D Summits in Paris und Chicago.<br \/>\nAlle bereits angemeldeten Personen werden in den kommenden Tagen pers\u00f6nlich kontaktiert. Weitere Informationen folgen.<\/h5>\n<p>[\/vc_column_text][vc_empty_space height=&#8221;40px&#8221;][\/vc_column][vc_column width=&#8221;1\/2&#8243;][vc_empty_space height=&#8221;35px&#8221;][vc_single_image image=&#8221;5846&#8243; img_size=&#8221;full&#8221; alignment=&#8221;center&#8221; style=&#8221;vc_box_shadow_3d&#8221;][vc_empty_space height=&#8221;45px&#8221;][\/vc_column][\/vc_row][vc_row el_id=&#8221;#PRICING&#8221; css=&#8221;.vc_custom_1576745473198{background-color: #f0f4f6 !important;}&#8221;][vc_column width=&#8221;1\/6&#8243;][\/vc_column][vc_column width=&#8221;2\/3&#8243; css=&#8221;.vc_custom_1578557483670{background-color: #f0f4f6 !important;}&#8221;][vc_raw_html][\/vc_raw_html][\/vc_column][vc_column width=&#8221;1\/6&#8243;][\/vc_column][\/vc_row][vc_row full_width=&#8221;stretch_row_content_no_spaces&#8221; row_box_shadow=&#8221;&#8221; css=&#8221;.vc_custom_1576164604197{background-color: #f0f4f6 !important;}&#8221; el_id=&#8221;PRICING&#8221;][vc_column][vc_empty_space height=&#8221;42px&#8221;][vc_custom_heading text=&#8221;PREISE&#8221; font_container=&#8221;tag:h2|font_size:34px|text_align:center|color:%23004289|line_height:34px&#8221; google_fonts=&#8221;font_family:Open%20Sans%3A300%2C300italic%2Cregular%2Citalic%2C600%2C600italic%2C700%2C700italic%2C800%2C800italic|font_style:700%20bold%20regular%3A700%3Anormal&#8221; css=&#8221;.vc_custom_1578405876466{margin-bottom: 13px !important;}&#8221;][vc_column_text]<\/p>\n<div class=\"prices-table\">\n<ul class=\"three-block five-block\">\n<li class=\"full-width text-center\">\n<h3><strong>EARYL BIRD BIS 29.02.2020<\/strong><\/h3>\n<\/li>\n<li class=\"full-width color2\">\n<h3><strong>4D DevCon &amp; Training (2 Tage)<\/strong><\/h3>\n<\/li>\n<li>\n<ul>\n<li class=\"thead\">\n<h4 class=\"textleft\"><\/h4>\n<\/li>\n<li>Kein Partner<\/li>\n<li>Silver Partner<\/li>\n<li>Gold Partner<\/li>\n<li>Platinum Partner<\/li>\n<\/ul>\n<\/li>\n<li class=\"even\">\n<ul>\n<li class=\"textcenter thead \">\n<h4>1. Ticket<\/h4>\n<\/li>\n<li><span class=\"price\">769 \u20ac<\/span><\/li>\n<li><span class=\"price\">327 \u20ac<\/span><\/li>\n<li><span class=\"price\">frei<\/span><\/li>\n<li><span class=\"price\">frei<\/span><\/li>\n<\/ul>\n<\/li>\n<li>\n<ul>\n<li class=\"textcenter thead\">\n<h4>2. Ticket<\/h4>\n<\/li>\n<li><span class=\"price not-bold\">684 \u20ac<\/span><\/li>\n<li><span class=\"price not-bold\">684 \u20ac<\/span><\/li>\n<li><span class=\"price not-bold\">589 \u20ac<\/span><\/li>\n<li><span class=\"price not-bold\">frei<\/span><\/li>\n<\/ul>\n<\/li>\n<li class=\"even\">\n<ul>\n<li class=\"textcenter thead\">\n<h4>3. Ticket<\/h4>\n<\/li>\n<li><\/li>\n<li><span class=\"price not-bold\">684 \u20ac<\/span><\/li>\n<li><span class=\"price not-bold\">589 \u20ac<\/span><\/li>\n<li><span class=\"price not-bold\">frei<\/span><\/li>\n<\/ul>\n<\/li>\n<li>\n<ul>\n<li class=\"textcenter thead\">\n<h4>4. Ticket<\/h4>\n<\/li>\n<li><\/li>\n<li><span class=\"price not-bold\">684 \u20ac<\/span><\/li>\n<li><span class=\"price not-bold\">684 \u20ac<\/span><\/li>\n<li><span class=\"price not-bold\">frei<\/span><\/li>\n<\/ul>\n<\/li>\n<\/ul>\n<ul class=\"three-block five-block m-t-15\">\n<li class=\"full-width color3\">\n<h3><strong>4D DevCon (1 Tag)<\/strong><\/h3>\n<\/li>\n<li>\n<ul>\n<li class=\"thead\">\n<h4 class=\"textleft\"><\/h4>\n<\/li>\n<li>Kein Partner<\/li>\n<li>Silver Partner<\/li>\n<li>Gold Partner<\/li>\n<li>Platinum Partner<\/li>\n<\/ul>\n<\/li>\n<li class=\"even\">\n<ul>\n<li class=\"textcenter thead \">\n<h4>1. Ticket<\/h4>\n<\/li>\n<li><span class=\"price\">119 \u20ac<\/span><\/li>\n<li><span class=\"price\">frei<\/span><\/li>\n<li><span class=\"price\">frei<\/span><\/li>\n<li><span class=\"price\">frei<\/span><\/li>\n<\/ul>\n<\/li>\n<li>\n<ul>\n<li class=\"textcenter thead\">\n<h4>2. Ticket<\/h4>\n<\/li>\n<li><span class=\"price not-bold\">94 \u20ac<\/span><\/li>\n<li><span class=\"price not-bold\">94 \u20ac<\/span><\/li>\n<li><span class=\"price not-bold\">frei<\/span><\/li>\n<li><span class=\"price not-bold\">frei<\/span><\/li>\n<\/ul>\n<\/li>\n<li class=\"even\">\n<ul>\n<li class=\"textcenter thead\">\n<h4>3. Ticket<\/h4>\n<\/li>\n<li><\/li>\n<li><span class=\"price not-bold\">94 \u20ac<\/span><\/li>\n<li><span class=\"price not-bold\">frei<\/span><\/li>\n<li><span class=\"price not-bold\">frei<\/span><\/li>\n<\/ul>\n<\/li>\n<li>\n<ul>\n<li class=\"textcenter thead\">\n<h4>4. Ticket<\/h4>\n<\/li>\n<li><\/li>\n<li><span class=\"price not-bold\">94 \u20ac<\/span><\/li>\n<li><span class=\"price not-bold\">94 \u20ac<\/span><\/li>\n<li><span class=\"price not-bold\">frei<\/span><\/li>\n<\/ul>\n<\/li>\n<\/ul>\n<\/div>\n<p>[\/vc_column_text][vc_empty_space height=&#8221;5px&#8221;][\/vc_column][\/vc_row][vc_row full_width=&#8221;stretch_row&#8221; row_box_shadow=&#8221;&#8221; custom_responsive=&#8221;small-1-column&#8221; css=&#8221;.vc_custom_1578913611724{background-color: #f0f4f6 !important;}&#8221;][vc_column width=&#8221;1\/6&#8243;][\/vc_column][vc_column width=&#8221;2\/3&#8243; text_align_responsive=&#8221;rp-center&#8221; css=&#8221;.vc_custom_1578559498671{padding-top: 20px !important;padding-right: 20px !important;padding-bottom: 20px !important;padding-left: 20px !important;background-color: #f0f4f6 !important;border-radius: 2px !important;}&#8221;][vc_custom_heading text=&#8221;<b>Partnerkontingente ber\u00fccksichtigt \/\/ Preise inkl. 19 % MwSt.<\/b>&#8221; font_container=&#8221;tag:h6|font_size:15px|text_align:left|color:%23004289|line_height:21px&#8221; google_fonts=&#8221;font_family:Open%20Sans%3A300%2C300italic%2Cregular%2Citalic%2C600%2C600italic%2C700%2C700italic%2C800%2C800italic|font_style:700%20bold%20regular%3A700%3Anormal&#8221;][vc_empty_space height=&#8221;42px&#8221;][\/vc_column][vc_column width=&#8221;1\/6&#8243;][\/vc_column][\/vc_row][vc_row full_width=&#8221;stretch_row&#8221; custom_responsive=&#8221;small-1-column&#8221; css=&#8221;.vc_custom_1578558808226{padding-bottom: 40px !important;background-color: #ffffff !important;}&#8221; el_id=&#8221;AGENDA&#8221;][vc_column text_align_responsive=&#8221;rp-center&#8221;][vc_empty_space height=&#8221;70px&#8221;][vc_custom_heading text=&#8221;EVENT DETAILS&#8221; font_container=&#8221;tag:h2|font_size:34px|text_align:center|color:%23004289|line_height:34px&#8221; google_fonts=&#8221;font_family:Open%20Sans%3A300%2C300italic%2Cregular%2Citalic%2C600%2C600italic%2C700%2C700italic%2C800%2C800italic|font_style:700%20bold%20regular%3A700%3Anormal&#8221; css=&#8221;.vc_custom_1578558167482{margin-bottom: 13px !important;}&#8221;][\/vc_column][\/vc_row][vc_row full_width=&#8221;stretch_row_content&#8221; row_box_shadow=&#8221;&#8221; css=&#8221;.vc_custom_1576748478115{background-color: #ffffff !important;}&#8221;][vc_column][vc_empty_space height=&#8221;70px&#8221;][vc_column_text]<\/p>\n<div class=\"readmore\">\n<h3 id=\"summit4d\" class=\"color1\"><span class=\"colortitle\">4D Devcon<\/span><br \/>\n<span class=\"colortext\">28. April<\/span><\/h3>\n<h5 class=\"color1\"><span class=\"colortext\">Einlass 09:00 Uhr<\/span><\/h5>\n<ul>\n<li class=\"color1\"><span class=\"colortext\">Bayerische Butterbrezn zur Begr\u00fc\u00dfung<\/span><\/li>\n<li class=\"color1\">Keynotes<\/li>\n<li class=\"color1\">Themen-Sessions<\/li>\n<li class=\"color1\">Boosted performance in Client\/Server mode with ORDA<\/li>\n<li class=\"color1\">Maximize the protection of your business solutions with built-in encryption tools<\/li>\n<li>Mittagessen f\u00fcr alle Teilnehmer<\/li>\n<\/ul>\n<h5>Ende ca. 17:30 Uhr<\/h5>\n<h5>Am Abend<\/h5>\n<ul>\n<li>Get-Together am Abend der Konferenz<\/li>\n<li>Ab 18:30 Uhr im Dimi&#8217;s<\/li>\n<\/ul>\n<h3 id=\"advancedtraining\" class=\"color2\"><span class=\"colortitle\">Advanced Training mit JPR<\/span><br \/>\n<span class=\"colortext\">29. April<\/span><\/h3>\n<h5>Einlass ab 09:00 Uhr<\/h5>\n<ul>\n<li>Das neue Advanced Training \u201dORDA \u2013 an ongoing revolution!\u201d vom 4D Experten Jean-Pierre Ribreau:\n<ul>\n<li>Die ORDA Technologie wurde erstmals in 4D v17 eingef\u00fchrt. Es war eine gewaltige Ver\u00e4nderung&#8230; und doch nur der Beginn einer wahren Revolution.4D v18 bietet Ihnen eine moderne und robuste Basis f\u00fcr die Zukunft Ihrer Business-Apps. Die M\u00f6glichkeiten von ORDA werden drastisch erweitert, wobei die Kompatibilit\u00e4t mit dem &#8216;klassischen&#8217; 4D Code erhalten bleibt, so dass Sie Ihre bestehenden Anwendungen problemlos migrieren k\u00f6nnen.Das Ziel ist es, Sie auf dem Weg zu einer ver\u00e4nderten Sichtweise auf Ihren Code zu begleiten.Einige der behandelten Themen:Optimistische Multi-User und Entity-Locking Best Practices mit praktischen Beispielen.<br \/>\nIntegration von entfernten Datenspeichern, um eine homogene, verteilte DBMS-Umgebung zu erhalten und gleichzeitig die Einfachheit des Codes f\u00fcr eine einzelne Datenbank zu erhalten.<br \/>\nIntegration von dynamischen (JSON) Formularen innerhalb einer Anwendung f\u00fcr erh\u00f6hte Flexibilit\u00e4t mit weniger Code, unter Verwendung von Objekten, CSS und anderen modernen ISP-Techniken.<br \/>\nErforschung der fortgeschrittenen 4D Programmierung, die Formeln, Signale, Speicher, die Verwendung von Variantentyp, Formularereignisse, pr\u00e4emptives Multi-Threading, etc. abdeckt.<br \/>\nVerwendung von Introspektionsbefehlen, die Ihnen helfen, ORDA-Abfragen und Netzwerkverkehr fachm\u00e4nnisch zu analysieren und zu optimieren.<\/li>\n<\/ul>\n<\/li>\n<li>Mittagessen und Kaffepause<\/li>\n<\/ul>\n<h5>Ende ca. 16:30 Uhr<\/h5>\n<p><!--<\/p>\n\n\n\n\n<p style=\"text-align: center;\"><a class=\"titre-bleu\" href=\"#\">Learn More<\/a><\/p>\n\n\n\n\n<h3 id=\"jumpstart\" class=\"color3\"><span class=\"colortitle\">JumpStart<\/span><br \/>\n<span class=\"colortext\">March 17th, 2020<\/span><\/h3>\n\n\n\n\n<h4><strong>Registration fee includes:<\/strong><\/h4>\n\n\n\n\n<ul>\n\n\n<li>Access to the introduction Keynote<\/li>\n\n\n\n\n<li>Access to a full-day beginner training session<\/li>\n\n\n\n\n<li>Meal Plan for the all day: Breakfast, morning break, Lunch and afternoon break<\/li>\n\n\n\n\n<li>Network with the 4D community and staff<\/li>\n\n\n\n\n<li>1 JumpStart Training ticket is included for each 4D Summit ticket<\/li>\n\n\n<\/ul>\n\n\n\n\n<p>--><\/p><\/div>\n<p>[\/vc_column_text][vc_empty_space height=&#8221;10px&#8221;][\/vc_column][\/vc_row][vc_row full_width=&#8221;stretch_row&#8221; custom_responsive=&#8221;small-1-column&#8221; css=&#8221;.vc_custom_1571817897749{padding-top: 40px !important;padding-bottom: 40px !important;background-color: #ffffff !important;}&#8221;][vc_column text_align_responsive=&#8221;rp-center&#8221;][vc_custom_heading text=&#8221;LOCATION&#8221; font_container=&#8221;tag:h2|font_size:34px|text_align:center|color:%23004289|line_height:34px&#8221; google_fonts=&#8221;font_family:Open%20Sans%3A300%2C300italic%2Cregular%2Citalic%2C600%2C600italic%2C700%2C700italic%2C800%2C800italic|font_style:700%20bold%20regular%3A700%3Anormal&#8221; css=&#8221;.vc_custom_1578919381957{margin-bottom: 13px !important;}&#8221;][\/vc_column][\/vc_row][vc_row][vc_column][vc_column_text]<\/p>\n<div class=\"readmore\">\n<h3 id=\"summit4d\" class=\"color1\"><span class=\"colortitle\">B\u00fcrgerhaus Eching<\/span><\/h3>\n<p>Ro\u00dfbergerstra\u00dfe 6<\/p>\n<p>85386 Eching<\/p>\n<h5><\/h5>\n<\/div>\n<p>[\/vc_column_text][vc_empty_space height=&#8221;20px&#8221;][\/vc_column][\/vc_row][vc_row full_width=&#8221;stretch_row&#8221; custom_responsive=&#8221;small-1-column&#8221; css=&#8221;.vc_custom_1571817897749{padding-top: 40px !important;padding-bottom: 40px !important;background-color: #ffffff !important;}&#8221;][vc_column text_align_responsive=&#8221;rp-center&#8221;][vc_custom_heading text=&#8221;HOTELS&#8221; font_container=&#8221;tag:h2|font_size:34px|text_align:center|color:%23004289|line_height:34px&#8221; google_fonts=&#8221;font_family:Open%20Sans%3A300%2C300italic%2Cregular%2Citalic%2C600%2C600italic%2C700%2C700italic%2C800%2C800italic|font_style:700%20bold%20regular%3A700%3Anormal&#8221; css=&#8221;.vc_custom_1578470767788{margin-bottom: 13px !important;}&#8221;][\/vc_column][\/vc_row][vc_row full_width=&#8221;stretch_row_content_no_spaces&#8221; equal_height=&#8221;yes&#8221; row_box_shadow=&#8221;&#8221; column_no_padding=&#8221;yes&#8221; custom_responsive=&#8221;small-1-column&#8221; el_id=&#8221;Accomodation&#8221;][vc_column width=&#8221;1\/2&#8243; text_align=&#8221;center&#8221; css=&#8221;.vc_custom_1571818919822{background-position: center !important;background-repeat: no-repeat !important;background-size: cover !important;}&#8221; el_class=&#8221;block-hebergement&#8221;][vc_column_text css=&#8221;.vc_custom_1576752587768{background-color: #001822 !important;}&#8221; el_class=&#8221;heber-text-column&#8221;]Hotel H\u00f6ckmayr<\/p>\n<p>Obere Hauptstra\u00dfe 2, 85386 Eching[\/vc_column_text][cms_fancybox_single title=&#8221;Hotel H\u00f6ckmayr&#8221; description=&#8221;Hotel H\u00f6ckmayr&#8221; title_item=&#8221;Hotel H\u00f6ckmayr&#8221; button_link=&#8221;http:\/\/www.hotel-hoeckmayr.de\/&#8221; button_text=&#8221;Book your Room&#8221; button_type=&#8221;cmstext&#8221; image=&#8221;5912&#8243; cms_template=&#8221;cms_fancybox_single&#8211;layout11.php&#8221; fancybox_title_letter_spacing=&#8221;0.1em&#8221;][vc_column_text css=&#8221;.vc_custom_1579074713908{background-color: #001822 !important;}&#8221; el_class=&#8221;heber-desc&#8221;]Ca. 3 Geh-Minute zur Konferenz[\/vc_column_text][\/vc_column][vc_column width=&#8221;1\/2&#8243; text_align=&#8221;center&#8221; el_class=&#8221;block-hebergement&#8221;][vc_column_text css=&#8221;.vc_custom_1576752520347{background-color: #001822 !important;}&#8221; el_class=&#8221;heber-text-column&#8221;]Hotel Huberwirt***<\/p>\n<p>Untere Hauptstrasse 1, 85386 Eching[\/vc_column_text][cms_fancybox_single title=&#8221;Hotel huberwirt&#8221; description=&#8221;Hotel Huberwirt&#8221; title_item=&#8221;Hotel Huberwirt&#8221; button_link=&#8221;https:\/\/www.huberwirt.de\/&#8221; button_text=&#8221;Book your Room&#8221; button_type=&#8221;cmstext&#8221; image=&#8221;5904&#8243; cms_template=&#8221;cms_fancybox_single&#8211;layout11.php&#8221; fancybox_title_letter_spacing=&#8221;0.1em&#8221;][vc_column_text css=&#8221;.vc_custom_1576751993820{background-color: #001822 !important;}&#8221; el_class=&#8221;heber-desc&#8221;]Ca. 1 Geh-Minute zur Konferenz[\/vc_column_text][\/vc_column][\/vc_row][vc_row full_width=&#8221;stretch_row_content_no_spaces&#8221; equal_height=&#8221;yes&#8221; row_box_shadow=&#8221;&#8221; column_no_padding=&#8221;yes&#8221; custom_responsive=&#8221;small-1-column&#8221;][vc_column width=&#8221;1\/2&#8243; text_align=&#8221;center&#8221; css=&#8221;.vc_custom_1571818919822{background-position: center !important;background-repeat: no-repeat !important;background-size: cover !important;}&#8221; el_class=&#8221;block-hebergement&#8221;][vc_column_text css=&#8221;.vc_custom_1576752528315{background-color: #ffffff !important;}&#8221; el_class=&#8221;heber-text-column&#8221;]Hotel Golden Olymp Tulip***<\/p>\n<p>Wielanstra\u00dfe 3, 85386 Eching[\/vc_column_text][cms_fancybox_single title=&#8221;Hotel Golden Olymp Tulip&#8221; description=&#8221;Hotel Golden Olymp Tulip&#8221; content_align=&#8221;center&#8221; title_item=&#8221;Hotel Eiffel Seine&#8221; button_link=&#8221;https:\/\/www.goldentulip.com&#8221; button_text=&#8221;BOOK YOUR ROOM&#8221; button_type=&#8221;cmstext&#8221; image=&#8221;5908&#8243; cms_template=&#8221;cms_fancybox_single&#8211;layout12.php&#8221; description_item=&#8221;Hotel Eiffel Seine&#8221;][vc_column_text css=&#8221;.vc_custom_1579074706181{background-color: #001822 !important;}&#8221; el_class=&#8221;heber-desc&#8221;]Ca. 5 Geh-Minute zur Konferenz[\/vc_column_text][\/vc_column][vc_column width=&#8221;1\/2&#8243; text_align=&#8221;center&#8221; el_class=&#8221;block-hebergement&#8221;][vc_column_text css=&#8221;.vc_custom_1576751633499{background-color: #ffffff !important;}&#8221; el_class=&#8221;heber-text-column&#8221;]Hotel Garni Angermeier**<\/p>\n<p>Goethestra\u00dfe 1, 85386 Eching[\/vc_column_text][cms_fancybox_single title=&#8221;hotel Angermeier&#8221; description=&#8221;Hotel Angermeier&#8221; content_align=&#8221;center&#8221; title_item=&#8221;Hotel Angermeier&#8221; button_link=&#8221;https:\/\/www.hotel-angermeier-eching.de\/&#8221; button_text=&#8221;BOOK YOUR ROOM&#8221; button_type=&#8221;cmstext&#8221; image=&#8221;5898&#8243; cms_template=&#8221;cms_fancybox_single&#8211;layout12.php&#8221; description_item=&#8221;Hotel Angermeier&#8221;][vc_column_text css=&#8221;.vc_custom_1579074697499{background-color: #001822 !important;}&#8221; el_class=&#8221;heber-desc&#8221;]Ca. 5 Geh-Minute zur Konferenz[\/vc_column_text][\/vc_column][\/vc_row][vc_row full_width=&#8221;stretch_row&#8221; custom_responsive=&#8221;small-1-column&#8221; css=&#8221;.vc_custom_1573823466334{padding-top: 60px !important;padding-bottom: 10px !important;background-color: #f4f4f4 !important;}&#8221; el_id=&#8221;ANPASSE&#8221;][vc_column text_align_responsive=&#8221;rp-center&#8221;][vc_custom_heading text=&#8221;4D DEVCON 2018 REPLAY&#8221; font_container=&#8221;tag:h2|font_size:34px|text_align:center|color:%23004289|line_height:34px&#8221; google_fonts=&#8221;font_family:Open%20Sans%3A300%2C300italic%2Cregular%2Citalic%2C600%2C600italic%2C700%2C700italic%2C800%2C800italic|font_style:700%20bold%20regular%3A700%3Anormal&#8221; css=&#8221;.vc_custom_1576753093008{margin-bottom: 33px !important;}&#8221;][vc_empty_space height=&#8221;10px&#8221;][\/vc_column][\/vc_row][vc_row full_width=&#8221;stretch_row&#8221; row_box_shadow=&#8221;&#8221; custom_responsive=&#8221;small-1-column&#8221; css=&#8221;.vc_custom_1573823484437{padding-bottom: 80px !important;background-color: #f4f4f4 !important;}&#8221;][vc_column width=&#8221;1\/6&#8243; text_align_responsive=&#8221;rp-center&#8221;][\/vc_column][vc_column width=&#8221;2\/3&#8243; text_align=&#8221;right&#8221; text_align_responsive=&#8221;rp-center&#8221;][vc_column_text]Das war die 4D DevCon 2018 &#8211; jetzt f\u00fcr 2020 anmelden![\/vc_column_text][vc_empty_space height=&#8221;25px&#8221;][vc_video link=&#8221;https:\/\/youtu.be\/vrEAYAdvh5s&#8221; align=&#8221;center&#8221;][\/vc_column][vc_column width=&#8221;1\/6&#8243;][\/vc_column][\/vc_row][vc_row][vc_column][vc_raw_html][\/vc_raw_html][\/vc_column][\/vc_row][vc_column width=&#8221;1\/6&#8243; text_align_responsive=&#8221;rp-center&#8221;][\/vc_column][vc_column width=&#8221;2\/3&#8243; text_align=&#8221;right&#8221; text_align_responsive=&#8221;rp-center&#8221;][\/vc_column]<\/p>\n","protected":false},"excerpt":{"rendered":"<p>[vc_row full_width=&#8221;stretch_row_content_no_spaces&#8221;][vc_column][rev_slider_vc alias=&#8221;paris-en-1&#8243;][\/vc_column][\/vc_row][vc_row full_width=&#8221;stretch_row&#8221; row_box_shadow=&#8221;true&#8221; css=&#8221;.vc_custom_1576679440332{padding-top: 62px !important;padding-bottom: 70px !important;background-color: #ffffff !important;}&#8221; el_class=&#8221;titre-bleu&#8221;][vc_column][vc_empty_space height=&#8221;47px&#8221;][vc_custom_heading text=&#8221;DevCon 2020 abgesagt&#8221; font_container=&#8221;tag:h2|font_size:28px|text_align:center|color:%23004289|line_height:42px&#8221; google_fonts=&#8221;font_family:Open%20Sans%3A300%2C300italic%2Cregular%2Citalic%2C600%2C600italic%2C700%2C700italic%2C800%2C800italic|font_style:700%20bold%20regular%3A700%3Anormal&#8221; dot_space_top=&#8221;0&#8243; el_class=&#8221;heber-desc&#8221;][\/vc_column][vc_column width=&#8221;1\/2&#8243; text_align=&#8221;center&#8221;][vc_empty_space][vc_column_text] Leider muss 4D die DevCon 2020 absagen. Hintergrund f\u00fcr die Absage ist die Verbreitung des Coronavirus\/Covid-19 und die damit einhergehende Absage der 4D Summits in Paris und Chicago. Alle bereits angemeldeten Personen [&hellip;]<\/p>\n","protected":false},"author":1,"featured_media":0,"parent":0,"menu_order":0,"comment_status":"closed","ping_status":"closed","template":"","meta":{"footnotes":""},"_links":{"self":[{"href":"https:\/\/events.4d.com\/devcon2020\/wp-json\/wp\/v2\/pages\/20"}],"collection":[{"href":"https:\/\/events.4d.com\/devcon2020\/wp-json\/wp\/v2\/pages"}],"about":[{"href":"https:\/\/events.4d.com\/devcon2020\/wp-json\/wp\/v2\/types\/page"}],"author":[{"embeddable":true,"href":"https:\/\/events.4d.com\/devcon2020\/wp-json\/wp\/v2\/users\/1"}],"replies":[{"embeddable":true,"href":"https:\/\/events.4d.com\/devcon2020\/wp-json\/wp\/v2\/comments?post=20"}],"version-history":[{"count":134,"href":"https:\/\/events.4d.com\/devcon2020\/wp-json\/wp\/v2\/pages\/20\/revisions"}],"predecessor-version":[{"id":5962,"href":"https:\/\/events.4d.com\/devcon2020\/wp-json\/wp\/v2\/pages\/20\/revisions\/5962"}],"wp:attachment":[{"href":"https:\/\/events.4d.com\/devcon2020\/wp-json\/wp\/v2\/media?parent=20"}],"curies":[{"name":"wp","href":"https:\/\/api.w.org\/{rel}","templated":true}]}}